{"id":1955,"date":"2023-04-05T14:52:09","date_gmt":"2023-04-05T14:52:09","guid":{"rendered":"https:\/\/mindremtb.dk\/?page_id=1955"},"modified":"2024-12-18T20:15:01","modified_gmt":"2024-12-18T20:15:01","slug":"nyheder","status":"publish","type":"page","link":"https:\/\/mindremtb.dk\/index.php\/nyheder\/","title":{"rendered":"Nyheder"},"content":{"rendered":"\t\t<div data-elementor-type=\"wp-page\" data-elementor-id=\"1955\" class=\"elementor elementor-1955\">\n\t\t\t\t\t\t\t\t\t<section class=\"elementor-section elementor-top-section elementor-element elementor-element-2136ea0 elementor-section-height-min-height elementor-section-items-top elementor-section-boxed elementor-section-height-default\" data-id=\"2136ea0\" data-element_type=\"section\" data-settings=\"{&quot;background_background&quot;:&quot;classic&quot;}\">\n\t\t\t\t\t\t<div class=\"elementor-container elementor-column-gap-default\">\n\t\t\t\t\t<div class=\"elementor-column elementor-col-100 elementor-top-column elementor-element elementor-element-49a1a9d\" data-id=\"49a1a9d\" data-element_type=\"column\">\n\t\t\t<div class=\"elementor-widget-wrap elementor-element-populated\">\n\t\t\t\t\t\t\t\t<div class=\"elementor-element elementor-element-97cb31f elementor-widget elementor-widget-spacer\" data-id=\"97cb31f\" data-element_type=\"widget\" data-widget_type=\"spacer.default\">\n\t\t\t\t<div class=\"elementor-widget-container\">\n\t\t\t<style>\/*! elementor - v3.18.0 - 20-12-2023 *\/\n.elementor-column .elementor-spacer-inner{height:var(--spacer-size)}.e-con{--container-widget-width:100%}.e-con-inner>.elementor-widget-spacer,.e-con>.elementor-widget-spacer{width:var(--container-widget-width,var(--spacer-size));--align-self:var(--container-widget-align-self,initial);--flex-shrink:0}.e-con-inner>.elementor-widget-spacer>.elementor-widget-container,.e-con>.elementor-widget-spacer>.elementor-widget-container{height:100%;width:100%}.e-con-inner>.elementor-widget-spacer>.elementor-widget-container>.elementor-spacer,.e-con>.elementor-widget-spacer>.elementor-widget-container>.elementor-spacer{height:100%}.e-con-inner>.elementor-widget-spacer>.elementor-widget-container>.elementor-spacer>.elementor-spacer-inner,.e-con>.elementor-widget-spacer>.elementor-widget-container>.elementor-spacer>.elementor-spacer-inner{height:var(--container-widget-height,var(--spacer-size))}.e-con-inner>.elementor-widget-spacer.elementor-widget-empty,.e-con>.elementor-widget-spacer.elementor-widget-empty{position:relative;min-height:22px;min-width:22px}.e-con-inner>.elementor-widget-spacer.elementor-widget-empty .elementor-widget-empty-icon,.e-con>.elementor-widget-spacer.elementor-widget-empty .elementor-widget-empty-icon{position:absolute;top:0;bottom:0;left:0;right:0;margin:auto;padding:0;width:22px;height:22px}<\/style>\t\t<div class=\"elementor-spacer\">\n\t\t\t<div class=\"elementor-spacer-inner\"><\/div>\n\t\t<\/div>\n\t\t\t\t<\/div>\n\t\t\t\t<\/div>\n\t\t\t\t<div class=\"elementor-element elementor-element-813d92b elementor-widget elementor-widget-heading\" data-id=\"813d92b\" data-element_type=\"widget\" data-widget_type=\"heading.default\">\n\t\t\t\t<div class=\"elementor-widget-container\">\n\t\t\t<style>\/*! elementor - v3.18.0 - 20-12-2023 *\/\n.elementor-heading-title{padding:0;margin:0;line-height:1}.elementor-widget-heading .elementor-heading-title[class*=elementor-size-]>a{color:inherit;font-size:inherit;line-height:inherit}.elementor-widget-heading .elementor-heading-title.elementor-size-small{font-size:15px}.elementor-widget-heading .elementor-heading-title.elementor-size-medium{font-size:19px}.elementor-widget-heading .elementor-heading-title.elementor-size-large{font-size:29px}.elementor-widget-heading .elementor-heading-title.elementor-size-xl{font-size:39px}.elementor-widget-heading .elementor-heading-title.elementor-size-xxl{font-size:59px}<\/style><h1 class=\"elementor-heading-title elementor-size-default\">Nyheder<\/h1>\t\t<\/div>\n\t\t\t\t<\/div>\n\t\t\t\t\t<\/div>\n\t\t<\/div>\n\t\t\t\t\t\t\t<\/div>\n\t\t<\/section>\n\t\t\t\t<section class=\"elementor-section elementor-top-section elementor-element elementor-element-33fa4d5 elementor-section-boxed elementor-section-height-default elementor-section-height-default\" data-id=\"33fa4d5\" data-element_type=\"section\">\n\t\t\t\t\t\t<div class=\"elementor-container elementor-column-gap-default\">\n\t\t\t\t\t<div class=\"elementor-column elementor-col-100 elementor-top-column elementor-element elementor-element-6cc517d\" data-id=\"6cc517d\" data-element_type=\"column\">\n\t\t\t<div class=\"elementor-widget-wrap elementor-element-populated\">\n\t\t\t\t\t\t\t\t<div class=\"elementor-element elementor-element-c811525 elementor-widget elementor-widget-spacer\" data-id=\"c811525\" data-element_type=\"widget\" data-widget_type=\"spacer.default\">\n\t\t\t\t<div class=\"elementor-widget-container\">\n\t\t\t\t\t<div class=\"elementor-spacer\">\n\t\t\t<div class=\"elementor-spacer-inner\"><\/div>\n\t\t<\/div>\n\t\t\t\t<\/div>\n\t\t\t\t<\/div>\n\t\t\t\t\t<\/div>\n\t\t<\/div>\n\t\t\t\t\t\t\t<\/div>\n\t\t<\/section>\n\t\t\t\t<section class=\"elementor-section elementor-top-section elementor-element elementor-element-91f964a elementor-section-boxed elementor-section-height-default elementor-section-height-default\" data-id=\"91f964a\" data-element_type=\"section\">\n\t\t\t\t\t\t<div class=\"elementor-container elementor-column-gap-default\">\n\t\t\t\t\t<div class=\"elementor-column elementor-col-100 elementor-top-column elementor-element elementor-element-373c4ac\" data-id=\"373c4ac\" data-element_type=\"column\">\n\t\t\t<div class=\"elementor-widget-wrap elementor-element-populated\">\n\t\t\t\t\t\t\t\t<div class=\"elementor-element elementor-element-b02540e elementor-widget elementor-widget-text-editor\" data-id=\"b02540e\" data-element_type=\"widget\" data-widget_type=\"text-editor.default\">\n\t\t\t\t<div class=\"elementor-widget-container\">\n\t\t\t<style>\/*! elementor - v3.18.0 - 20-12-2023 *\/\n.elementor-widget-text-editor.elementor-drop-cap-view-stacked .elementor-drop-cap{background-color:#69727d;color:#fff}.elementor-widget-text-editor.elementor-drop-cap-view-framed .elementor-drop-cap{color:#69727d;border:3px solid;background-color:transparent}.elementor-widget-text-editor:not(.elementor-drop-cap-view-default) .elementor-drop-cap{margin-top:8px}.elementor-widget-text-editor:not(.elementor-drop-cap-view-default) .elementor-drop-cap-letter{width:1em;height:1em}.elementor-widget-text-editor .elementor-drop-cap{float:left;text-align:center;line-height:1;font-size:50px}.elementor-widget-text-editor .elementor-drop-cap-letter{display:inline-block}<\/style>\t\t\t\t<p>&#8211; kontakt til f\u00e6rdselspolitiet ang\u00e5ende vigepligt i skovene. MTB-klubberne, NST og friluftsr\u00e5det siger h\u00f8jrevigepligt g\u00e6lder i skovene.<\/p><p><span style=\"font-style: inherit; font-weight: inherit; background-color: var(--ast-global-color-5); color: var(--ast-global-color-3);\">F\u00e6rdselspolitiet skriver til os <strong>&#8220;I har ret i at cyklende fra et cykelspor har ubetinget vigepligt for den st\u00f8rre grusvej.&#8221;\u00a0<\/strong><\/span><\/p><p>\u00a0Dette er vigtigt i forhold til sikkerheden for andre bes\u00f8gende i skoven<\/p><p>\u00a0<\/p>\t\t\t\t\t\t<\/div>\n\t\t\t\t<\/div>\n\t\t\t\t\t<\/div>\n\t\t<\/div>\n\t\t\t\t\t\t\t<\/div>\n\t\t<\/section>\n\t\t\t\t<section class=\"elementor-section elementor-top-section elementor-element elementor-element-64ab3ea elementor-section-boxed elementor-section-height-default elementor-section-height-default\" data-id=\"64ab3ea\" data-element_type=\"section\">\n\t\t\t\t\t\t<div class=\"elementor-container elementor-column-gap-default\">\n\t\t\t\t\t<div class=\"elementor-column elementor-col-100 elementor-top-column elementor-element elementor-element-ea36ae1\" data-id=\"ea36ae1\" data-element_type=\"column\">\n\t\t\t<div class=\"elementor-widget-wrap elementor-element-populated\">\n\t\t\t\t\t\t\t\t<div class=\"elementor-element elementor-element-c434769 elementor-widget elementor-widget-text-editor\" data-id=\"c434769\" data-element_type=\"widget\" data-widget_type=\"text-editor.default\">\n\t\t\t\t<div class=\"elementor-widget-container\">\n\t\t\t\t\t\t\t<p>&#8211; Efter kontakt\u00a0 til Friluftsr\u00e5det,\u00a0 har de rettet deres inspirationskatalog for mountainbike. S\u00e5 nu er der tilf\u00f8jet &#8220;<strong>Et cykelspor, der krydser en st\u00f8rre vej eller sti, f.eks. en grusvej, har ubetinget vigepligt i begge retninger.&#8221;<\/strong><\/p><p>S\u00e5 mangler vi at NST ogs\u00e5 vil forst\u00e5 det, og orienterer de forskellige cykelklubber<\/p>\t\t\t\t\t\t<\/div>\n\t\t\t\t<\/div>\n\t\t\t\t\t<\/div>\n\t\t<\/div>\n\t\t\t\t\t\t\t<\/div>\n\t\t<\/section>\n\t\t\t\t<section class=\"elementor-section elementor-top-section elementor-element elementor-element-70cbb96 elementor-section-boxed elementor-section-height-default elementor-section-height-default\" data-id=\"70cbb96\" data-element_type=\"section\">\n\t\t\t\t\t\t<div class=\"elementor-container elementor-column-gap-default\">\n\t\t\t\t\t<div class=\"elementor-column elementor-col-100 elementor-top-column elementor-element elementor-element-336e248\" data-id=\"336e248\" data-element_type=\"column\">\n\t\t\t<div class=\"elementor-widget-wrap elementor-element-populated\">\n\t\t\t\t\t\t\t\t<div class=\"elementor-element elementor-element-3b547cf elementor-widget elementor-widget-text-editor\" data-id=\"3b547cf\" data-element_type=\"widget\" data-widget_type=\"text-editor.default\">\n\t\t\t\t<div class=\"elementor-widget-container\">\n\t\t\t\t\t\t\t<p>&#8211; vi har f\u00e5et et godt samarbejde i gang med flere DN lokalafdelinger.&nbsp; Det er super med flere organisationer bag. Det giver klart st\u00f8rre slagkraft<\/p>\t\t\t\t\t\t<\/div>\n\t\t\t\t<\/div>\n\t\t\t\t\t<\/div>\n\t\t<\/div>\n\t\t\t\t\t\t\t<\/div>\n\t\t<\/section>\n\t\t\t\t<section class=\"elementor-section elementor-top-section elementor-element elementor-element-c853945 elementor-section-boxed elementor-section-height-default elementor-section-height-default\" data-id=\"c853945\" data-element_type=\"section\">\n\t\t\t\t\t\t<div class=\"elementor-container elementor-column-gap-default\">\n\t\t\t\t\t<div class=\"elementor-column elementor-col-100 elementor-top-column elementor-element elementor-element-2a66007\" data-id=\"2a66007\" data-element_type=\"column\">\n\t\t\t<div class=\"elementor-widget-wrap elementor-element-populated\">\n\t\t\t\t\t\t\t\t<div class=\"elementor-element elementor-element-be45acb elementor-widget elementor-widget-text-editor\" data-id=\"be45acb\" data-element_type=\"widget\" data-widget_type=\"text-editor.default\">\n\t\t\t\t<div class=\"elementor-widget-container\">\n\t\t\t\t\t\t\t<p>-efter meget skriveri med NST, har hovedkontoret endelig erkendt den ubetinget vigepligt udtil skovens store grusveje&nbsp;<\/p>\t\t\t\t\t\t<\/div>\n\t\t\t\t<\/div>\n\t\t\t\t\t<\/div>\n\t\t<\/div>\n\t\t\t\t\t\t\t<\/div>\n\t\t<\/section>\n\t\t\t\t<section class=\"elementor-section elementor-top-section elementor-element elementor-element-fdbcae6 elementor-section-boxed elementor-section-height-default elementor-section-height-default\" data-id=\"fdbcae6\" data-element_type=\"section\">\n\t\t\t\t\t\t<div class=\"elementor-container elementor-column-gap-default\">\n\t\t\t\t\t<div class=\"elementor-column elementor-col-100 elementor-top-column elementor-element elementor-element-596057a\" data-id=\"596057a\" data-element_type=\"column\">\n\t\t\t<div class=\"elementor-widget-wrap elementor-element-populated\">\n\t\t\t\t\t\t\t\t<div class=\"elementor-element elementor-element-a884561 elementor-widget elementor-widget-text-editor\" data-id=\"a884561\" data-element_type=\"widget\" data-widget_type=\"text-editor.default\">\n\t\t\t\t<div class=\"elementor-widget-container\">\n\t\t\t\t\t\t\t<p>-positivt m\u00f8de med natur og milj\u00f8ordf\u00f8rer p\u00e5 Christiansborg<\/p>\t\t\t\t\t\t<\/div>\n\t\t\t\t<\/div>\n\t\t\t\t\t<\/div>\n\t\t<\/div>\n\t\t\t\t\t\t\t<\/div>\n\t\t<\/section>\n\t\t\t\t\t\t\t<\/div>\n\t\t","protected":false},"excerpt":{"rendered":"<p>Nyheder &#8211; kontakt til f\u00e6rdselspolitiet ang\u00e5ende vigepligt i skovene. MTB-klubberne, NST og friluftsr\u00e5det siger h\u00f8jrevigepligt g\u00e6lder i skovene. F\u00e6rdselspolitiet skriver til os &#8220;I har ret i at cyklende fra et cykelspor har ubetinget vigepligt for den st\u00f8rre grusvej.&#8221;\u00a0 \u00a0Dette er vigtigt i forhold til sikkerheden for andre bes\u00f8gende i skoven \u00a0 &#8211; Efter kontakt\u00a0 til &hellip;<\/p>\n<p class=\"read-more\"> <a class=\"\" href=\"https:\/\/mindremtb.dk\/index.php\/nyheder\/\"> <span class=\"screen-reader-text\">Nyheder<\/span> L\u00e6s mere &raquo;<\/a><\/p>\n","protected":false},"author":1,"featured_media":0,"parent":0,"menu_order":0,"comment_status":"closed","ping_status":"closed","template":"","meta":{"site-sidebar-layout":"no-sidebar","site-content-layout":"page-builder","ast-site-content-layout":"","site-content-style":"default","site-sidebar-style":"default","ast-global-header-display":"","ast-banner-title-visibility":"","ast-main-header-display":"","ast-hfb-above-header-display":"","ast-hfb-below-header-display":"","ast-hfb-mobile-header-display":"","site-post-title":"disabled","ast-breadcrumbs-content":"","ast-featured-img":"disabled","footer-sml-layout":"","theme-transparent-header-meta":"enabled","adv-header-id-meta":"","stick-header-meta":"","header-above-stick-meta":"","header-main-stick-meta":"","header-below-stick-meta":"","astra-migrate-meta-layouts":"default","ast-page-background-enabled":"default","ast-page-background-meta":{"desktop":{"background-color":"var(--ast-global-color-4)","background-image":"","background-repeat":"repeat","background-position":"center center","background-size":"auto","background-attachment":"scroll","background-type":"","background-media":"","overlay-type":"","overlay-color":"","overlay-gradient":""},"tablet":{"background-color":"","background-image":"","background-repeat":"repeat","background-position":"center center","background-size":"auto","background-attachment":"scroll","background-type":"","background-media":"","overlay-type":"","overlay-color":"","overlay-gradient":""},"mobile":{"background-color":"","background-image":"","background-repeat":"repeat","background-position":"center center","background-size":"auto","background-attachment":"scroll","background-type":"","background-media":"","overlay-type":"","overlay-color":"","overlay-gradient":""}},"ast-content-background-meta":{"desktop":{"background-color":"var(--ast-global-color-5)","background-image":"","background-repeat":"repeat","background-position":"center center","background-size":"auto","background-attachment":"scroll","background-type":"","background-media":"","overlay-type":"","overlay-color":"","overlay-gradient":""},"tablet":{"background-color":"var(--ast-global-color-5)","background-image":"","background-repeat":"repeat","background-position":"center center","background-size":"auto","background-attachment":"scroll","background-type":"","background-media":"","overlay-type":"","overlay-color":"","overlay-gradient":""},"mobile":{"background-color":"var(--ast-global-color-5)","background-image":"","background-repeat":"repeat","background-position":"center center","background-size":"auto","background-attachment":"scroll","background-type":"","background-media":"","overlay-type":"","overlay-color":"","overlay-gradient":""}},"footnotes":""},"yoast_head":"<!-- This site is optimized with the Yoast SEO plugin v21.7 - https:\/\/yoast.com\/wordpress\/plugins\/seo\/ -->\n<title>Nyheder - Mindre MTB i danske skove<\/title>\n<meta name=\"robots\" content=\"index, follow, max-snippet:-1, max-image-preview:large, max-video-preview:-1\" \/>\n<link rel=\"canonical\" href=\"https:\/\/mindremtb.dk\/index.php\/nyheder\/\" \/>\n<meta property=\"og:locale\" content=\"da_DK\" \/>\n<meta property=\"og:type\" content=\"article\" \/>\n<meta property=\"og:title\" content=\"Nyheder - Mindre MTB i danske skove\" \/>\n<meta property=\"og:description\" content=\"Nyheder &#8211; kontakt til f\u00e6rdselspolitiet ang\u00e5ende vigepligt i skovene. MTB-klubberne, NST og friluftsr\u00e5det siger h\u00f8jrevigepligt g\u00e6lder i skovene. F\u00e6rdselspolitiet skriver til os &#8220;I har ret i at cyklende fra et cykelspor har ubetinget vigepligt for den st\u00f8rre grusvej.&#8221;\u00a0 \u00a0Dette er vigtigt i forhold til sikkerheden for andre bes\u00f8gende i skoven \u00a0 &#8211; Efter kontakt\u00a0 til &hellip; Nyheder L\u00e6s mere &raquo;\" \/>\n<meta property=\"og:url\" content=\"https:\/\/mindremtb.dk\/index.php\/nyheder\/\" \/>\n<meta property=\"og:site_name\" content=\"Mindre MTB i danske skove\" \/>\n<meta property=\"article:publisher\" content=\"https:\/\/www.facebook.com\/groups\/609189084030969\" \/>\n<meta property=\"article:modified_time\" content=\"2024-12-18T20:15:01+00:00\" \/>\n<meta name=\"twitter:card\" content=\"summary_large_image\" \/>\n<meta name=\"twitter:label1\" content=\"Estimeret l\u00e6setid\" \/>\n\t<meta name=\"twitter:data1\" content=\"1 minut\" \/>\n<script type=\"application\/ld+json\" class=\"yoast-schema-graph\">{\"@context\":\"https:\/\/schema.org\",\"@graph\":[{\"@type\":\"WebPage\",\"@id\":\"https:\/\/mindremtb.dk\/index.php\/nyheder\/\",\"url\":\"https:\/\/mindremtb.dk\/index.php\/nyheder\/\",\"name\":\"Nyheder - Mindre MTB i danske skove\",\"isPartOf\":{\"@id\":\"https:\/\/mindremtb.dk\/#website\"},\"datePublished\":\"2023-04-05T14:52:09+00:00\",\"dateModified\":\"2024-12-18T20:15:01+00:00\",\"breadcrumb\":{\"@id\":\"https:\/\/mindremtb.dk\/index.php\/nyheder\/#breadcrumb\"},\"inLanguage\":\"da-DK\",\"potentialAction\":[{\"@type\":\"ReadAction\",\"target\":[\"https:\/\/mindremtb.dk\/index.php\/nyheder\/\"]}]},{\"@type\":\"BreadcrumbList\",\"@id\":\"https:\/\/mindremtb.dk\/index.php\/nyheder\/#breadcrumb\",\"itemListElement\":[{\"@type\":\"ListItem\",\"position\":1,\"name\":\"Home\",\"item\":\"https:\/\/mindremtb.dk\/\"},{\"@type\":\"ListItem\",\"position\":2,\"name\":\"Nyheder\"}]},{\"@type\":\"WebSite\",\"@id\":\"https:\/\/mindremtb.dk\/#website\",\"url\":\"https:\/\/mindremtb.dk\/\",\"name\":\"Mindre MTB i danske skove\",\"description\":\"Mindre MTB\",\"publisher\":{\"@id\":\"https:\/\/mindremtb.dk\/#organization\"},\"potentialAction\":[{\"@type\":\"SearchAction\",\"target\":{\"@type\":\"EntryPoint\",\"urlTemplate\":\"https:\/\/mindremtb.dk\/?s={search_term_string}\"},\"query-input\":\"required name=search_term_string\"}],\"inLanguage\":\"da-DK\"},{\"@type\":\"Organization\",\"@id\":\"https:\/\/mindremtb.dk\/#organization\",\"name\":\"Mindre MTB i danske skove\",\"url\":\"https:\/\/mindremtb.dk\/\",\"logo\":{\"@type\":\"ImageObject\",\"inLanguage\":\"da-DK\",\"@id\":\"https:\/\/mindremtb.dk\/#\/schema\/logo\/image\/\",\"url\":\"https:\/\/mindremtb.dk\/wp-content\/uploads\/2023\/03\/cropped-cropped-picwish.png\",\"contentUrl\":\"https:\/\/mindremtb.dk\/wp-content\/uploads\/2023\/03\/cropped-cropped-picwish.png\",\"width\":669,\"height\":540,\"caption\":\"Mindre MTB i danske skove\"},\"image\":{\"@id\":\"https:\/\/mindremtb.dk\/#\/schema\/logo\/image\/\"},\"sameAs\":[\"https:\/\/www.facebook.com\/groups\/609189084030969\"]}]}<\/script>\n<!-- \/ Yoast SEO plugin. -->","yoast_head_json":{"title":"Nyheder - Mindre MTB i danske skove","robots":{"index":"index","follow":"follow","max-snippet":"max-snippet:-1","max-image-preview":"max-image-preview:large","max-video-preview":"max-video-preview:-1"},"canonical":"https:\/\/mindremtb.dk\/index.php\/nyheder\/","og_locale":"da_DK","og_type":"article","og_title":"Nyheder - Mindre MTB i danske skove","og_description":"Nyheder &#8211; kontakt til f\u00e6rdselspolitiet ang\u00e5ende vigepligt i skovene. MTB-klubberne, NST og friluftsr\u00e5det siger h\u00f8jrevigepligt g\u00e6lder i skovene. F\u00e6rdselspolitiet skriver til os &#8220;I har ret i at cyklende fra et cykelspor har ubetinget vigepligt for den st\u00f8rre grusvej.&#8221;\u00a0 \u00a0Dette er vigtigt i forhold til sikkerheden for andre bes\u00f8gende i skoven \u00a0 &#8211; Efter kontakt\u00a0 til &hellip; Nyheder L\u00e6s mere &raquo;","og_url":"https:\/\/mindremtb.dk\/index.php\/nyheder\/","og_site_name":"Mindre MTB i danske skove","article_publisher":"https:\/\/www.facebook.com\/groups\/609189084030969","article_modified_time":"2024-12-18T20:15:01+00:00","twitter_card":"summary_large_image","twitter_misc":{"Estimeret l\u00e6setid":"1 minut"},"schema":{"@context":"https:\/\/schema.org","@graph":[{"@type":"WebPage","@id":"https:\/\/mindremtb.dk\/index.php\/nyheder\/","url":"https:\/\/mindremtb.dk\/index.php\/nyheder\/","name":"Nyheder - Mindre MTB i danske skove","isPartOf":{"@id":"https:\/\/mindremtb.dk\/#website"},"datePublished":"2023-04-05T14:52:09+00:00","dateModified":"2024-12-18T20:15:01+00:00","breadcrumb":{"@id":"https:\/\/mindremtb.dk\/index.php\/nyheder\/#breadcrumb"},"inLanguage":"da-DK","potentialAction":[{"@type":"ReadAction","target":["https:\/\/mindremtb.dk\/index.php\/nyheder\/"]}]},{"@type":"BreadcrumbList","@id":"https:\/\/mindremtb.dk\/index.php\/nyheder\/#breadcrumb","itemListElement":[{"@type":"ListItem","position":1,"name":"Home","item":"https:\/\/mindremtb.dk\/"},{"@type":"ListItem","position":2,"name":"Nyheder"}]},{"@type":"WebSite","@id":"https:\/\/mindremtb.dk\/#website","url":"https:\/\/mindremtb.dk\/","name":"Mindre MTB i danske skove","description":"Mindre MTB","publisher":{"@id":"https:\/\/mindremtb.dk\/#organization"},"potentialAction":[{"@type":"SearchAction","target":{"@type":"EntryPoint","urlTemplate":"https:\/\/mindremtb.dk\/?s={search_term_string}"},"query-input":"required name=search_term_string"}],"inLanguage":"da-DK"},{"@type":"Organization","@id":"https:\/\/mindremtb.dk\/#organization","name":"Mindre MTB i danske skove","url":"https:\/\/mindremtb.dk\/","logo":{"@type":"ImageObject","inLanguage":"da-DK","@id":"https:\/\/mindremtb.dk\/#\/schema\/logo\/image\/","url":"https:\/\/mindremtb.dk\/wp-content\/uploads\/2023\/03\/cropped-cropped-picwish.png","contentUrl":"https:\/\/mindremtb.dk\/wp-content\/uploads\/2023\/03\/cropped-cropped-picwish.png","width":669,"height":540,"caption":"Mindre MTB i danske skove"},"image":{"@id":"https:\/\/mindremtb.dk\/#\/schema\/logo\/image\/"},"sameAs":["https:\/\/www.facebook.com\/groups\/609189084030969"]}]}},"_links":{"self":[{"href":"https:\/\/mindremtb.dk\/index.php\/wp-json\/wp\/v2\/pages\/1955"}],"collection":[{"href":"https:\/\/mindremtb.dk\/index.php\/wp-json\/wp\/v2\/pages"}],"about":[{"href":"https:\/\/mindremtb.dk\/index.php\/wp-json\/wp\/v2\/types\/page"}],"author":[{"embeddable":true,"href":"https:\/\/mindremtb.dk\/index.php\/wp-json\/wp\/v2\/users\/1"}],"replies":[{"embeddable":true,"href":"https:\/\/mindremtb.dk\/index.php\/wp-json\/wp\/v2\/comments?post=1955"}],"version-history":[{"count":41,"href":"https:\/\/mindremtb.dk\/index.php\/wp-json\/wp\/v2\/pages\/1955\/revisions"}],"predecessor-version":[{"id":3272,"href":"https:\/\/mindremtb.dk\/index.php\/wp-json\/wp\/v2\/pages\/1955\/revisions\/3272"}],"wp:attachment":[{"href":"https:\/\/mindremtb.dk\/index.php\/wp-json\/wp\/v2\/media?parent=1955"}],"curies":[{"name":"wp","href":"https:\/\/api.w.org\/{rel}","templated":true}]}}