{"id":1949,"date":"2023-04-05T14:47:10","date_gmt":"2023-04-05T14:47:10","guid":{"rendered":"https:\/\/mindremtb.dk\/?page_id=1949"},"modified":"2024-11-03T09:38:46","modified_gmt":"2024-11-03T09:38:46","slug":"relevante-link","status":"publish","type":"page","link":"https:\/\/mindremtb.dk\/index.php\/relevante-link\/","title":{"rendered":"Links"},"content":{"rendered":"\t\t<div data-elementor-type=\"wp-page\" data-elementor-id=\"1949\" class=\"elementor elementor-1949\">\n\t\t\t\t\t\t\t\t\t<section class=\"elementor-section elementor-top-section elementor-element elementor-element-310fb20c elementor-section-height-min-height elementor-section-items-top elementor-section-boxed elementor-section-height-default\" data-id=\"310fb20c\" data-element_type=\"section\" data-settings=\"{&quot;background_background&quot;:&quot;classic&quot;}\">\n\t\t\t\t\t\t<div class=\"elementor-container elementor-column-gap-default\">\n\t\t\t\t\t<div class=\"elementor-column elementor-col-100 elementor-top-column elementor-element elementor-element-6cdfd9fb\" data-id=\"6cdfd9fb\" data-element_type=\"column\">\n\t\t\t<div class=\"elementor-widget-wrap elementor-element-populated\">\n\t\t\t\t\t\t\t\t<div class=\"elementor-element elementor-element-7798fd87 elementor-widget elementor-widget-spacer\" data-id=\"7798fd87\" data-element_type=\"widget\" data-widget_type=\"spacer.default\">\n\t\t\t\t<div class=\"elementor-widget-container\">\n\t\t\t<style>\/*! elementor - v3.18.0 - 20-12-2023 *\/\n.elementor-column .elementor-spacer-inner{height:var(--spacer-size)}.e-con{--container-widget-width:100%}.e-con-inner>.elementor-widget-spacer,.e-con>.elementor-widget-spacer{width:var(--container-widget-width,var(--spacer-size));--align-self:var(--container-widget-align-self,initial);--flex-shrink:0}.e-con-inner>.elementor-widget-spacer>.elementor-widget-container,.e-con>.elementor-widget-spacer>.elementor-widget-container{height:100%;width:100%}.e-con-inner>.elementor-widget-spacer>.elementor-widget-container>.elementor-spacer,.e-con>.elementor-widget-spacer>.elementor-widget-container>.elementor-spacer{height:100%}.e-con-inner>.elementor-widget-spacer>.elementor-widget-container>.elementor-spacer>.elementor-spacer-inner,.e-con>.elementor-widget-spacer>.elementor-widget-container>.elementor-spacer>.elementor-spacer-inner{height:var(--container-widget-height,var(--spacer-size))}.e-con-inner>.elementor-widget-spacer.elementor-widget-empty,.e-con>.elementor-widget-spacer.elementor-widget-empty{position:relative;min-height:22px;min-width:22px}.e-con-inner>.elementor-widget-spacer.elementor-widget-empty .elementor-widget-empty-icon,.e-con>.elementor-widget-spacer.elementor-widget-empty .elementor-widget-empty-icon{position:absolute;top:0;bottom:0;left:0;right:0;margin:auto;padding:0;width:22px;height:22px}<\/style>\t\t<div class=\"elementor-spacer\">\n\t\t\t<div class=\"elementor-spacer-inner\"><\/div>\n\t\t<\/div>\n\t\t\t\t<\/div>\n\t\t\t\t<\/div>\n\t\t\t\t<div class=\"elementor-element elementor-element-672b53f elementor-widget elementor-widget-heading\" data-id=\"672b53f\" data-element_type=\"widget\" data-widget_type=\"heading.default\">\n\t\t\t\t<div class=\"elementor-widget-container\">\n\t\t\t<style>\/*! elementor - v3.18.0 - 20-12-2023 *\/\n.elementor-heading-title{padding:0;margin:0;line-height:1}.elementor-widget-heading .elementor-heading-title[class*=elementor-size-]>a{color:inherit;font-size:inherit;line-height:inherit}.elementor-widget-heading .elementor-heading-title.elementor-size-small{font-size:15px}.elementor-widget-heading .elementor-heading-title.elementor-size-medium{font-size:19px}.elementor-widget-heading .elementor-heading-title.elementor-size-large{font-size:29px}.elementor-widget-heading .elementor-heading-title.elementor-size-xl{font-size:39px}.elementor-widget-heading .elementor-heading-title.elementor-size-xxl{font-size:59px}<\/style><h1 class=\"elementor-heading-title elementor-size-default\">Nyttige links<\/h1>\t\t<\/div>\n\t\t\t\t<\/div>\n\t\t\t\t\t<\/div>\n\t\t<\/div>\n\t\t\t\t\t\t\t<\/div>\n\t\t<\/section>\n\t\t\t\t<section class=\"elementor-section elementor-top-section elementor-element elementor-element-26f27d7e elementor-section-boxed elementor-section-height-default elementor-section-height-default\" data-id=\"26f27d7e\" data-element_type=\"section\">\n\t\t\t\t\t\t<div class=\"elementor-container elementor-column-gap-default\">\n\t\t\t\t\t<div class=\"elementor-column elementor-col-100 elementor-top-column elementor-element elementor-element-75e5b945\" data-id=\"75e5b945\" data-element_type=\"column\">\n\t\t\t<div class=\"elementor-widget-wrap elementor-element-populated\">\n\t\t\t\t\t\t\t\t<div class=\"elementor-element elementor-element-58dfeb9c elementor-widget elementor-widget-spacer\" data-id=\"58dfeb9c\" data-element_type=\"widget\" data-widget_type=\"spacer.default\">\n\t\t\t\t<div class=\"elementor-widget-container\">\n\t\t\t\t\t<div class=\"elementor-spacer\">\n\t\t\t<div class=\"elementor-spacer-inner\"><\/div>\n\t\t<\/div>\n\t\t\t\t<\/div>\n\t\t\t\t<\/div>\n\t\t\t\t<div class=\"elementor-element elementor-element-23f4b0f1 elementor-widget elementor-widget-text-editor\" data-id=\"23f4b0f1\" data-element_type=\"widget\" data-widget_type=\"text-editor.default\">\n\t\t\t\t<div class=\"elementor-widget-container\">\n\t\t\t<style>\/*! elementor - v3.18.0 - 20-12-2023 *\/\n.elementor-widget-text-editor.elementor-drop-cap-view-stacked .elementor-drop-cap{background-color:#69727d;color:#fff}.elementor-widget-text-editor.elementor-drop-cap-view-framed .elementor-drop-cap{color:#69727d;border:3px solid;background-color:transparent}.elementor-widget-text-editor:not(.elementor-drop-cap-view-default) .elementor-drop-cap{margin-top:8px}.elementor-widget-text-editor:not(.elementor-drop-cap-view-default) .elementor-drop-cap-letter{width:1em;height:1em}.elementor-widget-text-editor .elementor-drop-cap{float:left;text-align:center;line-height:1;font-size:50px}.elementor-widget-text-editor .elementor-drop-cap-letter{display:inline-block}<\/style>\t\t\t\t<h4><strong>RELEVANTE LINKS<\/strong><\/h4><ul><li style=\"list-style-type: none;\"><ul><li><a href=\"https:\/\/www.facebook.com\/groups\/609189084030969\" target=\"_blank\" rel=\"noopener\">Link til Facebook<\/a><\/li><li><a href=\"https:\/\/www.mtbkalender.dk\/\" target=\"_blank\" rel=\"noopener\">MTB l\u00f8bs kalender <\/a><\/li><li><a href=\"https:\/\/www.midtjyllandsavis.dk\/artikel\/4a741712-1714-40c7-8c79-1c7111de3af0\/?fbclid=IwAR3bSAghbtLeb61f5qmXe2tiAAAPoHaO7GFi5WUNNWd_DvUJN0UZtIqNnI8\" target=\"_blank\" rel=\"noopener\">Midjyllands avis 2019<\/a><\/li><li><a href=\"https:\/\/drive.google.com\/file\/d\/1We9aj_iHLt4jWa2tBIhRmq_pgNgtUNPv\/view?usp=drivesdk\" target=\"_blank\" rel=\"noopener\">L\u00e6serbrev Sj\u00e6llandske og Nordjyske<\/a><\/li><li><a href=\"https:\/\/politiken.dk\/indland\/art7607211\/Hjorte-f%C3%A5r-stress-af-motionisters-kraftige-pandelamper\" target=\"_blank\" rel=\"noopener\">Politiken januar 2020<\/a><\/li><li><a href=\"https:\/\/www.sn.dk\/rudersdal-kommune\/naturstyrelsen-bekymret-over-at-dyrehavens-dyr-forstyrres-naar-de-spiser\/\">Frederiksborg amtsavis nov 2023<\/a><\/li><li><a href=\"https:\/\/drive.google.com\/file\/d\/16OAPRMSiRZls0aUz63iWcflXLBUS71w1\/view?usp=drivesdk\" target=\"_blank\" rel=\"noopener\">DOF 2019<\/a><\/li><li><a href=\"https:\/\/drive.google.com\/file\/d\/12QWYM36wFnjVudT2bfPiC1LJmTb-16PT\/view?usp=drivesdk\" target=\"_blank\" rel=\"noopener\">Retningslinjer for naturstyrelsens MTB tilbud<\/a><\/li><li><a href=\"https:\/\/drive.google.com\/file\/d\/1ilQPRrz1Wt5UhM0idrZDfOT6G5X-4InA\/view?usp=drivesdk\" target=\"_blank\" rel=\"noopener\">Skovloven \u00a7 11 med markeringer<\/a><\/li><li><a href=\"https:\/\/drive.google.com\/file\/d\/1i84gnPyqaIIOldETDm_nh-GYlneobRgG\/view?usp=drivesdk\" target=\"_blank\" rel=\"noopener\">m\u00f8de med NST nordsj\u00e6lland november 2023<\/a><\/li><li><a href=\"https:\/\/drive.google.com\/file\/d\/1cv27cXN5NvysfIs26G84MkkVv1-ocNfD\/view?usp=drivesdk\" target=\"_blank\" rel=\"noopener\">Bekymringsbrev DN efter\u00e5r 2023<\/a><\/li><li><a href=\"https:\/\/www.sn.dk\/hilleroed-kommune\/debat-fri-leg-i-naturen-men-hvem-passer-paa-den\/\" target=\"_blank\" rel=\"noopener\">DN l\u00e6serbrev marts 2024<\/a><\/li><li><a href=\"https:\/\/mindremtb.dk\/index.php\/relevante-link\/\" target=\"_blank\" rel=\"noopener\">DOF om forstyrrelser 2023<\/a><\/li><\/ul><\/li><\/ul>\t\t\t\t\t\t<\/div>\n\t\t\t\t<\/div>\n\t\t\t\t\t<\/div>\n\t\t<\/div>\n\t\t\t\t\t\t\t<\/div>\n\t\t<\/section>\n\t\t\t\t<section class=\"elementor-section elementor-top-section elementor-element elementor-element-8a70f90 elementor-section-boxed elementor-section-height-default elementor-section-height-default\" data-id=\"8a70f90\" data-element_type=\"section\">\n\t\t\t\t\t\t<div class=\"elementor-container elementor-column-gap-default\">\n\t\t\t\t\t<div class=\"elementor-column elementor-col-100 elementor-top-column elementor-element elementor-element-4b5df66\" data-id=\"4b5df66\" data-element_type=\"column\">\n\t\t\t<div class=\"elementor-widget-wrap elementor-element-populated\">\n\t\t\t\t\t\t\t\t<div class=\"elementor-element elementor-element-f5f7906 elementor-widget elementor-widget-spacer\" data-id=\"f5f7906\" data-element_type=\"widget\" data-widget_type=\"spacer.default\">\n\t\t\t\t<div class=\"elementor-widget-container\">\n\t\t\t\t\t<div class=\"elementor-spacer\">\n\t\t\t<div class=\"elementor-spacer-inner\"><\/div>\n\t\t<\/div>\n\t\t\t\t<\/div>\n\t\t\t\t<\/div>\n\t\t\t\t\t<\/div>\n\t\t<\/div>\n\t\t\t\t\t\t\t<\/div>\n\t\t<\/section>\n\t\t\t\t\t\t\t<\/div>\n\t\t","protected":false},"excerpt":{"rendered":"<p>Nyttige links RELEVANTE LINKS Link til Facebook MTB l\u00f8bs kalender Midjyllands avis 2019 L\u00e6serbrev Sj\u00e6llandske og Nordjyske Politiken januar 2020 Frederiksborg amtsavis nov 2023 DOF 2019 Retningslinjer for naturstyrelsens MTB tilbud Skovloven \u00a7 11 med markeringer m\u00f8de med NST nordsj\u00e6lland november 2023 Bekymringsbrev DN efter\u00e5r 2023 DN l\u00e6serbrev marts 2024 DOF om forstyrrelser 2023<\/p>\n","protected":false},"author":1,"featured_media":0,"parent":0,"menu_order":0,"comment_status":"closed","ping_status":"closed","template":"","meta":{"site-sidebar-layout":"no-sidebar","site-content-layout":"page-builder","ast-site-content-layout":"","site-content-style":"default","site-sidebar-style":"default","ast-global-header-display":"","ast-banner-title-visibility":"","ast-main-header-display":"","ast-hfb-above-header-display":"","ast-hfb-below-header-display":"","ast-hfb-mobile-header-display":"","site-post-title":"disabled","ast-breadcrumbs-content":"","ast-featured-img":"disabled","footer-sml-layout":"","theme-transparent-header-meta":"enabled","adv-header-id-meta":"","stick-header-meta":"","header-above-stick-meta":"","header-main-stick-meta":"","header-below-stick-meta":"","astra-migrate-meta-layouts":"default","ast-page-background-enabled":"default","ast-page-background-meta":{"desktop":{"background-color":"var(--ast-global-color-4)","background-image":"","background-repeat":"repeat","background-position":"center center","background-size":"auto","background-attachment":"scroll","background-type":"","background-media":"","overlay-type":"","overlay-color":"","overlay-gradient":""},"tablet":{"background-color":"","background-image":"","background-repeat":"repeat","background-position":"center center","background-size":"auto","background-attachment":"scroll","background-type":"","background-media":"","overlay-type":"","overlay-color":"","overlay-gradient":""},"mobile":{"background-color":"","background-image":"","background-repeat":"repeat","background-position":"center center","background-size":"auto","background-attachment":"scroll","background-type":"","background-media":"","overlay-type":"","overlay-color":"","overlay-gradient":""}},"ast-content-background-meta":{"desktop":{"background-color":"var(--ast-global-color-5)","background-image":"","background-repeat":"repeat","background-position":"center center","background-size":"auto","background-attachment":"scroll","background-type":"","background-media":"","overlay-type":"","overlay-color":"","overlay-gradient":""},"tablet":{"background-color":"var(--ast-global-color-5)","background-image":"","background-repeat":"repeat","background-position":"center center","background-size":"auto","background-attachment":"scroll","background-type":"","background-media":"","overlay-type":"","overlay-color":"","overlay-gradient":""},"mobile":{"background-color":"var(--ast-global-color-5)","background-image":"","background-repeat":"repeat","background-position":"center center","background-size":"auto","background-attachment":"scroll","background-type":"","background-media":"","overlay-type":"","overlay-color":"","overlay-gradient":""}},"footnotes":""},"yoast_head":"<!-- This site is optimized with the Yoast SEO plugin v21.7 - https:\/\/yoast.com\/wordpress\/plugins\/seo\/ -->\n<title>Links - Mindre MTB i danske skove<\/title>\n<meta name=\"robots\" content=\"index, follow, max-snippet:-1, max-image-preview:large, max-video-preview:-1\" \/>\n<link rel=\"canonical\" href=\"https:\/\/mindremtb.dk\/index.php\/relevante-link\/\" \/>\n<meta property=\"og:locale\" content=\"da_DK\" \/>\n<meta property=\"og:type\" content=\"article\" \/>\n<meta property=\"og:title\" content=\"Links - Mindre MTB i danske skove\" \/>\n<meta property=\"og:description\" content=\"Nyttige links RELEVANTE LINKS Link til Facebook MTB l\u00f8bs kalender Midjyllands avis 2019 L\u00e6serbrev Sj\u00e6llandske og Nordjyske Politiken januar 2020 Frederiksborg amtsavis nov 2023 DOF 2019 Retningslinjer for naturstyrelsens MTB tilbud Skovloven \u00a7 11 med markeringer m\u00f8de med NST nordsj\u00e6lland november 2023 Bekymringsbrev DN efter\u00e5r 2023 DN l\u00e6serbrev marts 2024 DOF om forstyrrelser 2023\" \/>\n<meta property=\"og:url\" content=\"https:\/\/mindremtb.dk\/index.php\/relevante-link\/\" \/>\n<meta property=\"og:site_name\" content=\"Mindre MTB i danske skove\" \/>\n<meta property=\"article:publisher\" content=\"https:\/\/www.facebook.com\/groups\/609189084030969\" \/>\n<meta property=\"article:modified_time\" content=\"2024-11-03T09:38:46+00:00\" \/>\n<meta name=\"twitter:card\" content=\"summary_large_image\" \/>\n<meta name=\"twitter:label1\" content=\"Estimeret l\u00e6setid\" \/>\n\t<meta name=\"twitter:data1\" content=\"1 minut\" \/>\n<script type=\"application\/ld+json\" class=\"yoast-schema-graph\">{\"@context\":\"https:\/\/schema.org\",\"@graph\":[{\"@type\":\"WebPage\",\"@id\":\"https:\/\/mindremtb.dk\/index.php\/relevante-link\/\",\"url\":\"https:\/\/mindremtb.dk\/index.php\/relevante-link\/\",\"name\":\"Links - Mindre MTB i danske skove\",\"isPartOf\":{\"@id\":\"https:\/\/mindremtb.dk\/#website\"},\"datePublished\":\"2023-04-05T14:47:10+00:00\",\"dateModified\":\"2024-11-03T09:38:46+00:00\",\"breadcrumb\":{\"@id\":\"https:\/\/mindremtb.dk\/index.php\/relevante-link\/#breadcrumb\"},\"inLanguage\":\"da-DK\",\"potentialAction\":[{\"@type\":\"ReadAction\",\"target\":[\"https:\/\/mindremtb.dk\/index.php\/relevante-link\/\"]}]},{\"@type\":\"BreadcrumbList\",\"@id\":\"https:\/\/mindremtb.dk\/index.php\/relevante-link\/#breadcrumb\",\"itemListElement\":[{\"@type\":\"ListItem\",\"position\":1,\"name\":\"Home\",\"item\":\"https:\/\/mindremtb.dk\/\"},{\"@type\":\"ListItem\",\"position\":2,\"name\":\"Links\"}]},{\"@type\":\"WebSite\",\"@id\":\"https:\/\/mindremtb.dk\/#website\",\"url\":\"https:\/\/mindremtb.dk\/\",\"name\":\"Mindre MTB i danske skove\",\"description\":\"Mindre MTB\",\"publisher\":{\"@id\":\"https:\/\/mindremtb.dk\/#organization\"},\"potentialAction\":[{\"@type\":\"SearchAction\",\"target\":{\"@type\":\"EntryPoint\",\"urlTemplate\":\"https:\/\/mindremtb.dk\/?s={search_term_string}\"},\"query-input\":\"required name=search_term_string\"}],\"inLanguage\":\"da-DK\"},{\"@type\":\"Organization\",\"@id\":\"https:\/\/mindremtb.dk\/#organization\",\"name\":\"Mindre MTB i danske skove\",\"url\":\"https:\/\/mindremtb.dk\/\",\"logo\":{\"@type\":\"ImageObject\",\"inLanguage\":\"da-DK\",\"@id\":\"https:\/\/mindremtb.dk\/#\/schema\/logo\/image\/\",\"url\":\"https:\/\/mindremtb.dk\/wp-content\/uploads\/2023\/03\/cropped-cropped-picwish.png\",\"contentUrl\":\"https:\/\/mindremtb.dk\/wp-content\/uploads\/2023\/03\/cropped-cropped-picwish.png\",\"width\":669,\"height\":540,\"caption\":\"Mindre MTB i danske skove\"},\"image\":{\"@id\":\"https:\/\/mindremtb.dk\/#\/schema\/logo\/image\/\"},\"sameAs\":[\"https:\/\/www.facebook.com\/groups\/609189084030969\"]}]}<\/script>\n<!-- \/ Yoast SEO plugin. -->","yoast_head_json":{"title":"Links - Mindre MTB i danske skove","robots":{"index":"index","follow":"follow","max-snippet":"max-snippet:-1","max-image-preview":"max-image-preview:large","max-video-preview":"max-video-preview:-1"},"canonical":"https:\/\/mindremtb.dk\/index.php\/relevante-link\/","og_locale":"da_DK","og_type":"article","og_title":"Links - Mindre MTB i danske skove","og_description":"Nyttige links RELEVANTE LINKS Link til Facebook MTB l\u00f8bs kalender Midjyllands avis 2019 L\u00e6serbrev Sj\u00e6llandske og Nordjyske Politiken januar 2020 Frederiksborg amtsavis nov 2023 DOF 2019 Retningslinjer for naturstyrelsens MTB tilbud Skovloven \u00a7 11 med markeringer m\u00f8de med NST nordsj\u00e6lland november 2023 Bekymringsbrev DN efter\u00e5r 2023 DN l\u00e6serbrev marts 2024 DOF om forstyrrelser 2023","og_url":"https:\/\/mindremtb.dk\/index.php\/relevante-link\/","og_site_name":"Mindre MTB i danske skove","article_publisher":"https:\/\/www.facebook.com\/groups\/609189084030969","article_modified_time":"2024-11-03T09:38:46+00:00","twitter_card":"summary_large_image","twitter_misc":{"Estimeret l\u00e6setid":"1 minut"},"schema":{"@context":"https:\/\/schema.org","@graph":[{"@type":"WebPage","@id":"https:\/\/mindremtb.dk\/index.php\/relevante-link\/","url":"https:\/\/mindremtb.dk\/index.php\/relevante-link\/","name":"Links - Mindre MTB i danske skove","isPartOf":{"@id":"https:\/\/mindremtb.dk\/#website"},"datePublished":"2023-04-05T14:47:10+00:00","dateModified":"2024-11-03T09:38:46+00:00","breadcrumb":{"@id":"https:\/\/mindremtb.dk\/index.php\/relevante-link\/#breadcrumb"},"inLanguage":"da-DK","potentialAction":[{"@type":"ReadAction","target":["https:\/\/mindremtb.dk\/index.php\/relevante-link\/"]}]},{"@type":"BreadcrumbList","@id":"https:\/\/mindremtb.dk\/index.php\/relevante-link\/#breadcrumb","itemListElement":[{"@type":"ListItem","position":1,"name":"Home","item":"https:\/\/mindremtb.dk\/"},{"@type":"ListItem","position":2,"name":"Links"}]},{"@type":"WebSite","@id":"https:\/\/mindremtb.dk\/#website","url":"https:\/\/mindremtb.dk\/","name":"Mindre MTB i danske skove","description":"Mindre MTB","publisher":{"@id":"https:\/\/mindremtb.dk\/#organization"},"potentialAction":[{"@type":"SearchAction","target":{"@type":"EntryPoint","urlTemplate":"https:\/\/mindremtb.dk\/?s={search_term_string}"},"query-input":"required name=search_term_string"}],"inLanguage":"da-DK"},{"@type":"Organization","@id":"https:\/\/mindremtb.dk\/#organization","name":"Mindre MTB i danske skove","url":"https:\/\/mindremtb.dk\/","logo":{"@type":"ImageObject","inLanguage":"da-DK","@id":"https:\/\/mindremtb.dk\/#\/schema\/logo\/image\/","url":"https:\/\/mindremtb.dk\/wp-content\/uploads\/2023\/03\/cropped-cropped-picwish.png","contentUrl":"https:\/\/mindremtb.dk\/wp-content\/uploads\/2023\/03\/cropped-cropped-picwish.png","width":669,"height":540,"caption":"Mindre MTB i danske skove"},"image":{"@id":"https:\/\/mindremtb.dk\/#\/schema\/logo\/image\/"},"sameAs":["https:\/\/www.facebook.com\/groups\/609189084030969"]}]}},"_links":{"self":[{"href":"https:\/\/mindremtb.dk\/index.php\/wp-json\/wp\/v2\/pages\/1949"}],"collection":[{"href":"https:\/\/mindremtb.dk\/index.php\/wp-json\/wp\/v2\/pages"}],"about":[{"href":"https:\/\/mindremtb.dk\/index.php\/wp-json\/wp\/v2\/types\/page"}],"author":[{"embeddable":true,"href":"https:\/\/mindremtb.dk\/index.php\/wp-json\/wp\/v2\/users\/1"}],"replies":[{"embeddable":true,"href":"https:\/\/mindremtb.dk\/index.php\/wp-json\/wp\/v2\/comments?post=1949"}],"version-history":[{"count":148,"href":"https:\/\/mindremtb.dk\/index.php\/wp-json\/wp\/v2\/pages\/1949\/revisions"}],"predecessor-version":[{"id":3276,"href":"https:\/\/mindremtb.dk\/index.php\/wp-json\/wp\/v2\/pages\/1949\/revisions\/3276"}],"wp:attachment":[{"href":"https:\/\/mindremtb.dk\/index.php\/wp-json\/wp\/v2\/media?parent=1949"}],"curies":[{"name":"wp","href":"https:\/\/api.w.org\/{rel}","templated":true}]}}