{"id":15,"date":"2021-11-21T15:14:41","date_gmt":"2021-11-21T15:14:41","guid":{"rendered":"https:\/\/mindremtb.dk\/index.php\/services\/"},"modified":"2024-12-18T20:00:44","modified_gmt":"2024-12-18T20:00:44","slug":"services","status":"publish","type":"page","link":"https:\/\/mindremtb.dk\/index.php\/services\/","title":{"rendered":"Vedt\u00e6gter"},"content":{"rendered":"\t\t<div data-elementor-type=\"wp-page\" data-elementor-id=\"15\" class=\"elementor elementor-15\">\n\t\t\t\t\t\t\t\t\t<section class=\"elementor-section elementor-top-section elementor-element elementor-element-6f57d69 elementor-section-height-min-height elementor-section-items-top elementor-section-boxed elementor-section-height-default\" data-id=\"6f57d69\" data-element_type=\"section\" data-settings=\"{&quot;background_background&quot;:&quot;classic&quot;}\">\n\t\t\t\t\t\t<div class=\"elementor-container elementor-column-gap-default\">\n\t\t\t\t\t<div class=\"elementor-column elementor-col-100 elementor-top-column elementor-element elementor-element-47228c7\" data-id=\"47228c7\" data-element_type=\"column\">\n\t\t\t<div class=\"elementor-widget-wrap elementor-element-populated\">\n\t\t\t\t\t\t\t\t<div class=\"elementor-element elementor-element-061794c elementor-widget elementor-widget-spacer\" data-id=\"061794c\" data-element_type=\"widget\" data-widget_type=\"spacer.default\">\n\t\t\t\t<div class=\"elementor-widget-container\">\n\t\t\t<style>\/*! elementor - v3.18.0 - 20-12-2023 *\/\n.elementor-column .elementor-spacer-inner{height:var(--spacer-size)}.e-con{--container-widget-width:100%}.e-con-inner>.elementor-widget-spacer,.e-con>.elementor-widget-spacer{width:var(--container-widget-width,var(--spacer-size));--align-self:var(--container-widget-align-self,initial);--flex-shrink:0}.e-con-inner>.elementor-widget-spacer>.elementor-widget-container,.e-con>.elementor-widget-spacer>.elementor-widget-container{height:100%;width:100%}.e-con-inner>.elementor-widget-spacer>.elementor-widget-container>.elementor-spacer,.e-con>.elementor-widget-spacer>.elementor-widget-container>.elementor-spacer{height:100%}.e-con-inner>.elementor-widget-spacer>.elementor-widget-container>.elementor-spacer>.elementor-spacer-inner,.e-con>.elementor-widget-spacer>.elementor-widget-container>.elementor-spacer>.elementor-spacer-inner{height:var(--container-widget-height,var(--spacer-size))}.e-con-inner>.elementor-widget-spacer.elementor-widget-empty,.e-con>.elementor-widget-spacer.elementor-widget-empty{position:relative;min-height:22px;min-width:22px}.e-con-inner>.elementor-widget-spacer.elementor-widget-empty .elementor-widget-empty-icon,.e-con>.elementor-widget-spacer.elementor-widget-empty .elementor-widget-empty-icon{position:absolute;top:0;bottom:0;left:0;right:0;margin:auto;padding:0;width:22px;height:22px}<\/style>\t\t<div class=\"elementor-spacer\">\n\t\t\t<div class=\"elementor-spacer-inner\"><\/div>\n\t\t<\/div>\n\t\t\t\t<\/div>\n\t\t\t\t<\/div>\n\t\t\t\t<div class=\"elementor-element elementor-element-745baeb elementor-widget elementor-widget-heading\" data-id=\"745baeb\" data-element_type=\"widget\" data-widget_type=\"heading.default\">\n\t\t\t\t<div class=\"elementor-widget-container\">\n\t\t\t<style>\/*! elementor - v3.18.0 - 20-12-2023 *\/\n.elementor-heading-title{padding:0;margin:0;line-height:1}.elementor-widget-heading .elementor-heading-title[class*=elementor-size-]>a{color:inherit;font-size:inherit;line-height:inherit}.elementor-widget-heading .elementor-heading-title.elementor-size-small{font-size:15px}.elementor-widget-heading .elementor-heading-title.elementor-size-medium{font-size:19px}.elementor-widget-heading .elementor-heading-title.elementor-size-large{font-size:29px}.elementor-widget-heading .elementor-heading-title.elementor-size-xl{font-size:39px}.elementor-widget-heading .elementor-heading-title.elementor-size-xxl{font-size:59px}<\/style><h1 class=\"elementor-heading-title elementor-size-default\">Vedt\u00e6gter<\/h1>\t\t<\/div>\n\t\t\t\t<\/div>\n\t\t\t\t\t<\/div>\n\t\t<\/div>\n\t\t\t\t\t\t\t<\/div>\n\t\t<\/section>\n\t\t\t\t<section class=\"elementor-section elementor-top-section elementor-element elementor-element-48edacd elementor-section-boxed elementor-section-height-default elementor-section-height-default\" data-id=\"48edacd\" data-element_type=\"section\">\n\t\t\t\t\t\t<div class=\"elementor-container elementor-column-gap-default\">\n\t\t\t\t\t<div class=\"elementor-column elementor-col-100 elementor-top-column elementor-element elementor-element-8dc58b3\" data-id=\"8dc58b3\" data-element_type=\"column\">\n\t\t\t<div class=\"elementor-widget-wrap elementor-element-populated\">\n\t\t\t\t\t\t\t\t<div class=\"elementor-element elementor-element-f45cf06 elementor-widget elementor-widget-spacer\" data-id=\"f45cf06\" data-element_type=\"widget\" data-widget_type=\"spacer.default\">\n\t\t\t\t<div class=\"elementor-widget-container\">\n\t\t\t\t\t<div class=\"elementor-spacer\">\n\t\t\t<div class=\"elementor-spacer-inner\"><\/div>\n\t\t<\/div>\n\t\t\t\t<\/div>\n\t\t\t\t<\/div>\n\t\t\t\t<div class=\"elementor-element elementor-element-a3b07b8 elementor-widget elementor-widget-text-editor\" data-id=\"a3b07b8\" data-element_type=\"widget\" data-widget_type=\"text-editor.default\">\n\t\t\t\t<div class=\"elementor-widget-container\">\n\t\t\t<style>\/*! elementor - v3.18.0 - 20-12-2023 *\/\n.elementor-widget-text-editor.elementor-drop-cap-view-stacked .elementor-drop-cap{background-color:#69727d;color:#fff}.elementor-widget-text-editor.elementor-drop-cap-view-framed .elementor-drop-cap{color:#69727d;border:3px solid;background-color:transparent}.elementor-widget-text-editor:not(.elementor-drop-cap-view-default) .elementor-drop-cap{margin-top:8px}.elementor-widget-text-editor:not(.elementor-drop-cap-view-default) .elementor-drop-cap-letter{width:1em;height:1em}.elementor-widget-text-editor .elementor-drop-cap{float:left;text-align:center;line-height:1;font-size:50px}.elementor-widget-text-editor .elementor-drop-cap-letter{display:inline-block}<\/style>\t\t\t\t<h4><strong>VEDT\u00c6GTER<\/strong><\/h4><p><strong>\u00a71: Navn\u00a0<\/strong><\/p><p>Mindre MTB i danske skove.<\/p><p>\u00a0<\/p>\t\t\t\t\t\t<\/div>\n\t\t\t\t<\/div>\n\t\t\t\t<div class=\"elementor-element elementor-element-0f60086 elementor-widget elementor-widget-text-editor\" data-id=\"0f60086\" data-element_type=\"widget\" data-widget_type=\"text-editor.default\">\n\t\t\t\t<div class=\"elementor-widget-container\">\n\t\t\t\t\t\t\t<p><strong>\u00a72: Hjemsted<\/strong><br \/>Landsd\u00e6kkende frivillig privat forening.\u00a0<\/p><p>\u00a0<\/p>\t\t\t\t\t\t<\/div>\n\t\t\t\t<\/div>\n\t\t\t\t<div class=\"elementor-element elementor-element-0f4079f elementor-widget elementor-widget-text-editor\" data-id=\"0f4079f\" data-element_type=\"widget\" data-widget_type=\"text-editor.default\">\n\t\t\t\t<div class=\"elementor-widget-container\">\n\t\t\t\t\t\t\t<p><strong>\u00a73: Form\u00e5l<\/strong> <br \/>Foreningens form\u00e5l er<\/p><ul><li style=\"list-style-type: none;\"><ul><li>At skabe mulighed for danske skove, med plads til dyr, natur og mennesker i fredelig<br \/>sameksistens.<\/li><li>En \u00e6ndring af skovloven for at give mulighed for at begr\u00e6nse den form for MTB, der k\u00f8res i dag.<\/li><li>En tilf\u00f8jelse til f\u00e6rdselsloven, at i skove skal g\u00e6lde, at hurtigere f\u00e6rdsel skal vige for<br \/>langsommere f\u00e6rdsel.<\/li><li>At skove ikke skal ombygges til sportsanl\u00e6g, og at mtb-spor m\u00e5 holdes i \u00e9t mindre omr\u00e5de af<br \/>skovene.<\/li><li>Der vedtages love og regler, der sikre at mindre skove friholdes for mtb-spor.<\/li><li>En hastighedsgr\u00e6nse p\u00e5 de store skovveje.<\/li><li>At der s\u00e6ttes regler for brug af st\u00f8jende maskiner ifbm mtb-spor s\u00e5som l\u00f8vbl\u00e6ser.<\/li><li>At\u00a0 f\u00e6rdsel med lys i skovene kun m\u00e5 foreg\u00e5 p\u00e5 bef\u00e6stede skovveje og der skal v\u00e6re et max antal lumen for lys.<\/li><\/ul><\/li><\/ul>\t\t\t\t\t\t<\/div>\n\t\t\t\t<\/div>\n\t\t\t\t<div class=\"elementor-element elementor-element-93111d5 elementor-widget elementor-widget-text-editor\" data-id=\"93111d5\" data-element_type=\"widget\" data-widget_type=\"text-editor.default\">\n\t\t\t\t<div class=\"elementor-widget-container\">\n\t\t\t\t\t\t\t<p><strong>\u00a74: Medlemmer<\/strong> <br \/>Foreningen er en gratis frivillig forening, og medlemmerne er dem der optages p\u00e5 foreningen private facebookgruppe.<\/p><p>Administratorerne kan ekskludere et medlem fra gruppen, hvis medlemmet ved omtale eller handling skader foreningens<br \/>interesser eller anseelse.\u00a0<\/p><p>\u00a0<\/p>\t\t\t\t\t\t<\/div>\n\t\t\t\t<\/div>\n\t\t\t\t<div class=\"elementor-element elementor-element-0d22778 elementor-widget elementor-widget-text-editor\" data-id=\"0d22778\" data-element_type=\"widget\" data-widget_type=\"text-editor.default\">\n\t\t\t\t<div class=\"elementor-widget-container\">\n\t\t\t\t\t\t\t<p><strong>\u00a75: \u00d8verste<\/strong> <b>myndighed<\/b>&nbsp;<\/p>\n<p>Foreningens \u00f8verste myndighed er administratorerne. Alle foreningens medlemmer kan indsende forslag l\u00f8bende&nbsp; p\u00e5 foreningens mail. Alle eventuelle forslag vil blive overvejet og diskuteret.<\/p><p><br><\/p>\t\t\t\t\t\t<\/div>\n\t\t\t\t<\/div>\n\t\t\t\t<div class=\"elementor-element elementor-element-1cb16d4 elementor-widget elementor-widget-text-editor\" data-id=\"1cb16d4\" data-element_type=\"widget\" data-widget_type=\"text-editor.default\">\n\t\t\t\t<div class=\"elementor-widget-container\">\n\t\t\t\t\t\t\t<p><strong>\u00a76 : \u00d8konomi<\/strong><\/p><p>Da foreningsmedlemskab er gratis, forefindes der ikke noget regnskab\u00a0<\/p>\t\t\t\t\t\t<\/div>\n\t\t\t\t<\/div>\n\t\t\t\t<div class=\"elementor-element elementor-element-622514e elementor-widget elementor-widget-text-editor\" data-id=\"622514e\" data-element_type=\"widget\" data-widget_type=\"text-editor.default\">\n\t\t\t\t<div class=\"elementor-widget-container\">\n\t\t\t\t\t\t\t\t\t\t\t\t\t<\/div>\n\t\t\t\t<\/div>\n\t\t\t\t<div class=\"elementor-element elementor-element-a644677 elementor-widget elementor-widget-text-editor\" data-id=\"a644677\" data-element_type=\"widget\" data-widget_type=\"text-editor.default\">\n\t\t\t\t<div class=\"elementor-widget-container\">\n\t\t\t\t\t\t\t<p><strong>\u00a77: Opl\u00f8sning af foreningen<\/strong><br \/>Opl\u00f8sning af foreningen sker automatisk n\u00e5r foreningens m\u00e5l opn\u00e5es eller hvis de aktivt arbejdende medlemmer ikke \u00f8nsker at forts\u00e6tte og der ikke er nogen andre medlemmer der \u00f8nsker at overtage.<\/p><p>S\u00e5ledes vedtaget p\u00e5 stiftende generalforsamling 20 marts 2023<\/p>\t\t\t\t\t\t<\/div>\n\t\t\t\t<\/div>\n\t\t\t\t\t<\/div>\n\t\t<\/div>\n\t\t\t\t\t\t\t<\/div>\n\t\t<\/section>\n\t\t\t\t\t\t\t<\/div>\n\t\t","protected":false},"excerpt":{"rendered":"<p>Vedt\u00e6gter VEDT\u00c6GTER \u00a71: Navn\u00a0 Mindre MTB i danske skove. \u00a0 \u00a72: HjemstedLandsd\u00e6kkende frivillig privat forening.\u00a0 \u00a0 \u00a73: Form\u00e5l Foreningens form\u00e5l er At skabe mulighed for danske skove, med plads til dyr, natur og mennesker i fredeligsameksistens. En \u00e6ndring af skovloven for at give mulighed for at begr\u00e6nse den form for MTB, der k\u00f8res i dag. &hellip;<\/p>\n<p class=\"read-more\"> <a class=\"\" href=\"https:\/\/mindremtb.dk\/index.php\/services\/\"> <span class=\"screen-reader-text\">Vedt\u00e6gter<\/span> L\u00e6s mere &raquo;<\/a><\/p>\n","protected":false},"author":1,"featured_media":0,"parent":0,"menu_order":0,"comment_status":"closed","ping_status":"closed","template":"","meta":{"site-sidebar-layout":"no-sidebar","site-content-layout":"page-builder","ast-site-content-layout":"","site-content-style":"default","site-sidebar-style":"default","ast-global-header-display":"","ast-banner-title-visibility":"","ast-main-header-display":"","ast-hfb-above-header-display":"","ast-hfb-below-header-display":"","ast-hfb-mobile-header-display":"","site-post-title":"disabled","ast-breadcrumbs-content":"","ast-featured-img":"disabled","footer-sml-layout":"","theme-transparent-header-meta":"enabled","adv-header-id-meta":"","stick-header-meta":"","header-above-stick-meta":"","header-main-stick-meta":"","header-below-stick-meta":"","astra-migrate-meta-layouts":"default","ast-page-background-enabled":"default","ast-page-background-meta":{"desktop":{"background-color":"var(--ast-global-color-4)","background-image":"","background-repeat":"repeat","background-position":"center center","background-size":"auto","background-attachment":"scroll","background-type":"","background-media":"","overlay-type":"","overlay-color":"","overlay-gradient":""},"tablet":{"background-color":"","background-image":"","background-repeat":"repeat","background-position":"center center","background-size":"auto","background-attachment":"scroll","background-type":"","background-media":"","overlay-type":"","overlay-color":"","overlay-gradient":""},"mobile":{"background-color":"","background-image":"","background-repeat":"repeat","background-position":"center center","background-size":"auto","background-attachment":"scroll","background-type":"","background-media":"","overlay-type":"","overlay-color":"","overlay-gradient":""}},"ast-content-background-meta":{"desktop":{"background-color":"var(--ast-global-color-5)","background-image":"","background-repeat":"repeat","background-position":"center center","background-size":"auto","background-attachment":"scroll","background-type":"","background-media":"","overlay-type":"","overlay-color":"","overlay-gradient":""},"tablet":{"background-color":"var(--ast-global-color-5)","background-image":"","background-repeat":"repeat","background-position":"center center","background-size":"auto","background-attachment":"scroll","background-type":"","background-media":"","overlay-type":"","overlay-color":"","overlay-gradient":""},"mobile":{"background-color":"var(--ast-global-color-5)","background-image":"","background-repeat":"repeat","background-position":"center center","background-size":"auto","background-attachment":"scroll","background-type":"","background-media":"","overlay-type":"","overlay-color":"","overlay-gradient":""}},"footnotes":""},"yoast_head":"<!-- This site is optimized with the Yoast SEO plugin v21.7 - https:\/\/yoast.com\/wordpress\/plugins\/seo\/ -->\n<title>Vedt\u00e6gter - Mindre MTB i danske skove<\/title>\n<meta name=\"robots\" content=\"index, follow, max-snippet:-1, max-image-preview:large, max-video-preview:-1\" \/>\n<link rel=\"canonical\" href=\"https:\/\/mindremtb.dk\/index.php\/services\/\" \/>\n<meta property=\"og:locale\" content=\"da_DK\" \/>\n<meta property=\"og:type\" content=\"article\" \/>\n<meta property=\"og:title\" content=\"Vedt\u00e6gter - Mindre MTB i danske skove\" \/>\n<meta property=\"og:description\" content=\"Vedt\u00e6gter VEDT\u00c6GTER \u00a71: Navn\u00a0 Mindre MTB i danske skove. \u00a0 \u00a72: HjemstedLandsd\u00e6kkende frivillig privat forening.\u00a0 \u00a0 \u00a73: Form\u00e5l Foreningens form\u00e5l er At skabe mulighed for danske skove, med plads til dyr, natur og mennesker i fredeligsameksistens. En \u00e6ndring af skovloven for at give mulighed for at begr\u00e6nse den form for MTB, der k\u00f8res i dag. &hellip; Vedt\u00e6gter L\u00e6s mere &raquo;\" \/>\n<meta property=\"og:url\" content=\"https:\/\/mindremtb.dk\/index.php\/services\/\" \/>\n<meta property=\"og:site_name\" content=\"Mindre MTB i danske skove\" \/>\n<meta property=\"article:publisher\" content=\"https:\/\/www.facebook.com\/groups\/609189084030969\" \/>\n<meta property=\"article:modified_time\" content=\"2024-12-18T20:00:44+00:00\" \/>\n<meta name=\"twitter:card\" content=\"summary_large_image\" \/>\n<meta name=\"twitter:label1\" content=\"Estimeret l\u00e6setid\" \/>\n\t<meta name=\"twitter:data1\" content=\"2 minutter\" \/>\n<script type=\"application\/ld+json\" class=\"yoast-schema-graph\">{\"@context\":\"https:\/\/schema.org\",\"@graph\":[{\"@type\":\"WebPage\",\"@id\":\"https:\/\/mindremtb.dk\/index.php\/services\/\",\"url\":\"https:\/\/mindremtb.dk\/index.php\/services\/\",\"name\":\"Vedt\u00e6gter - Mindre MTB i danske skove\",\"isPartOf\":{\"@id\":\"https:\/\/mindremtb.dk\/#website\"},\"datePublished\":\"2021-11-21T15:14:41+00:00\",\"dateModified\":\"2024-12-18T20:00:44+00:00\",\"breadcrumb\":{\"@id\":\"https:\/\/mindremtb.dk\/index.php\/services\/#breadcrumb\"},\"inLanguage\":\"da-DK\",\"potentialAction\":[{\"@type\":\"ReadAction\",\"target\":[\"https:\/\/mindremtb.dk\/index.php\/services\/\"]}]},{\"@type\":\"BreadcrumbList\",\"@id\":\"https:\/\/mindremtb.dk\/index.php\/services\/#breadcrumb\",\"itemListElement\":[{\"@type\":\"ListItem\",\"position\":1,\"name\":\"Home\",\"item\":\"https:\/\/mindremtb.dk\/\"},{\"@type\":\"ListItem\",\"position\":2,\"name\":\"Vedt\u00e6gter\"}]},{\"@type\":\"WebSite\",\"@id\":\"https:\/\/mindremtb.dk\/#website\",\"url\":\"https:\/\/mindremtb.dk\/\",\"name\":\"Mindre MTB i danske skove\",\"description\":\"Mindre MTB\",\"publisher\":{\"@id\":\"https:\/\/mindremtb.dk\/#organization\"},\"potentialAction\":[{\"@type\":\"SearchAction\",\"target\":{\"@type\":\"EntryPoint\",\"urlTemplate\":\"https:\/\/mindremtb.dk\/?s={search_term_string}\"},\"query-input\":\"required name=search_term_string\"}],\"inLanguage\":\"da-DK\"},{\"@type\":\"Organization\",\"@id\":\"https:\/\/mindremtb.dk\/#organization\",\"name\":\"Mindre MTB i danske skove\",\"url\":\"https:\/\/mindremtb.dk\/\",\"logo\":{\"@type\":\"ImageObject\",\"inLanguage\":\"da-DK\",\"@id\":\"https:\/\/mindremtb.dk\/#\/schema\/logo\/image\/\",\"url\":\"https:\/\/mindremtb.dk\/wp-content\/uploads\/2023\/03\/cropped-cropped-picwish.png\",\"contentUrl\":\"https:\/\/mindremtb.dk\/wp-content\/uploads\/2023\/03\/cropped-cropped-picwish.png\",\"width\":669,\"height\":540,\"caption\":\"Mindre MTB i danske skove\"},\"image\":{\"@id\":\"https:\/\/mindremtb.dk\/#\/schema\/logo\/image\/\"},\"sameAs\":[\"https:\/\/www.facebook.com\/groups\/609189084030969\"]}]}<\/script>\n<!-- \/ Yoast SEO plugin. -->","yoast_head_json":{"title":"Vedt\u00e6gter - Mindre MTB i danske skove","robots":{"index":"index","follow":"follow","max-snippet":"max-snippet:-1","max-image-preview":"max-image-preview:large","max-video-preview":"max-video-preview:-1"},"canonical":"https:\/\/mindremtb.dk\/index.php\/services\/","og_locale":"da_DK","og_type":"article","og_title":"Vedt\u00e6gter - Mindre MTB i danske skove","og_description":"Vedt\u00e6gter VEDT\u00c6GTER \u00a71: Navn\u00a0 Mindre MTB i danske skove. \u00a0 \u00a72: HjemstedLandsd\u00e6kkende frivillig privat forening.\u00a0 \u00a0 \u00a73: Form\u00e5l Foreningens form\u00e5l er At skabe mulighed for danske skove, med plads til dyr, natur og mennesker i fredeligsameksistens. En \u00e6ndring af skovloven for at give mulighed for at begr\u00e6nse den form for MTB, der k\u00f8res i dag. &hellip; Vedt\u00e6gter L\u00e6s mere &raquo;","og_url":"https:\/\/mindremtb.dk\/index.php\/services\/","og_site_name":"Mindre MTB i danske skove","article_publisher":"https:\/\/www.facebook.com\/groups\/609189084030969","article_modified_time":"2024-12-18T20:00:44+00:00","twitter_card":"summary_large_image","twitter_misc":{"Estimeret l\u00e6setid":"2 minutter"},"schema":{"@context":"https:\/\/schema.org","@graph":[{"@type":"WebPage","@id":"https:\/\/mindremtb.dk\/index.php\/services\/","url":"https:\/\/mindremtb.dk\/index.php\/services\/","name":"Vedt\u00e6gter - Mindre MTB i danske skove","isPartOf":{"@id":"https:\/\/mindremtb.dk\/#website"},"datePublished":"2021-11-21T15:14:41+00:00","dateModified":"2024-12-18T20:00:44+00:00","breadcrumb":{"@id":"https:\/\/mindremtb.dk\/index.php\/services\/#breadcrumb"},"inLanguage":"da-DK","potentialAction":[{"@type":"ReadAction","target":["https:\/\/mindremtb.dk\/index.php\/services\/"]}]},{"@type":"BreadcrumbList","@id":"https:\/\/mindremtb.dk\/index.php\/services\/#breadcrumb","itemListElement":[{"@type":"ListItem","position":1,"name":"Home","item":"https:\/\/mindremtb.dk\/"},{"@type":"ListItem","position":2,"name":"Vedt\u00e6gter"}]},{"@type":"WebSite","@id":"https:\/\/mindremtb.dk\/#website","url":"https:\/\/mindremtb.dk\/","name":"Mindre MTB i danske skove","description":"Mindre MTB","publisher":{"@id":"https:\/\/mindremtb.dk\/#organization"},"potentialAction":[{"@type":"SearchAction","target":{"@type":"EntryPoint","urlTemplate":"https:\/\/mindremtb.dk\/?s={search_term_string}"},"query-input":"required name=search_term_string"}],"inLanguage":"da-DK"},{"@type":"Organization","@id":"https:\/\/mindremtb.dk\/#organization","name":"Mindre MTB i danske skove","url":"https:\/\/mindremtb.dk\/","logo":{"@type":"ImageObject","inLanguage":"da-DK","@id":"https:\/\/mindremtb.dk\/#\/schema\/logo\/image\/","url":"https:\/\/mindremtb.dk\/wp-content\/uploads\/2023\/03\/cropped-cropped-picwish.png","contentUrl":"https:\/\/mindremtb.dk\/wp-content\/uploads\/2023\/03\/cropped-cropped-picwish.png","width":669,"height":540,"caption":"Mindre MTB i danske skove"},"image":{"@id":"https:\/\/mindremtb.dk\/#\/schema\/logo\/image\/"},"sameAs":["https:\/\/www.facebook.com\/groups\/609189084030969"]}]}},"_links":{"self":[{"href":"https:\/\/mindremtb.dk\/index.php\/wp-json\/wp\/v2\/pages\/15"}],"collection":[{"href":"https:\/\/mindremtb.dk\/index.php\/wp-json\/wp\/v2\/pages"}],"about":[{"href":"https:\/\/mindremtb.dk\/index.php\/wp-json\/wp\/v2\/types\/page"}],"author":[{"embeddable":true,"href":"https:\/\/mindremtb.dk\/index.php\/wp-json\/wp\/v2\/users\/1"}],"replies":[{"embeddable":true,"href":"https:\/\/mindremtb.dk\/index.php\/wp-json\/wp\/v2\/comments?post=15"}],"version-history":[{"count":68,"href":"https:\/\/mindremtb.dk\/index.php\/wp-json\/wp\/v2\/pages\/15\/revisions"}],"predecessor-version":[{"id":3254,"href":"https:\/\/mindremtb.dk\/index.php\/wp-json\/wp\/v2\/pages\/15\/revisions\/3254"}],"wp:attachment":[{"href":"https:\/\/mindremtb.dk\/index.php\/wp-json\/wp\/v2\/media?parent=15"}],"curies":[{"name":"wp","href":"https:\/\/api.w.org\/{rel}","templated":true}]}}